{"id":256,"date":"2019-03-05T13:56:56","date_gmt":"2019-03-05T12:56:56","guid":{"rendered":"http:\/\/proyectolabor.es\/familias\/?page_id=256"},"modified":"2019-03-05T13:57:54","modified_gmt":"2019-03-05T12:57:54","slug":"politica-de-privacidad-de-proyecto-labor","status":"publish","type":"page","link":"https:\/\/proyectolabor.es\/familias\/politica-de-privacidad-de-proyecto-labor\/","title":{"rendered":"Pol\u00edtica de privacidad de Proyecto Labor"},"content":{"rendered":"<header class=\"entry-header\">\n<h2 class=\"entry-title\">Pol\u00edtica de privacidad de Proyecto Labor<\/h2>\n<\/header>\n<div class=\"entry-content\">\n<div class=\"vce-row-container\">\n<div id=\"el-d2b6ac71\" class=\"vce-row vce-row--col-gap-30 vce-row-columns--top vce-row-content--top\" data-vce-full-width=\"true\" data-vce-stretch-content=\"true\" data-vce-do-apply=\"all el-d2b6ac71\"><\/div>\n<\/div>\n<div class=\"vce-row-container\">\n<div id=\"el-c4e3cd86\" class=\"vce-row vce-row--col-gap-30 vce-row-columns--top vce-row-content--middle\" data-vce-do-apply=\"all el-c4e3cd86\">\n<div class=\"vce-content-background-container\">La presente Pol\u00edtica de Privacidad forma parte de las Condiciones Generales que rigen la web&nbsp;<a href=\"http:\/\/www.proyectolabor.es\/\">http:\/\/www.proyectolabor.es<\/a>&nbsp;(en adelante, la Web).<\/div>\n<div class=\"vce-row-content\" data-vce-element-content=\"true\">\n<div id=\"el-96d3830d\" class=\"vce-col vce-col--md-100p vce-col--xs-1 vce-col--xs-last vce-col--xs-first vce-col--sm-last vce-col--sm-first vce-col--md-last vce-col--lg-last vce-col--xl-last vce-col--md-first vce-col--lg-first vce-col--xl-first\" data-vce-do-apply=\"background border el-96d3830d\">\n<div class=\"vce-col-inner\" data-vce-do-apply=\"padding margin  el-96d3830d\" data-vce-element-content=\"true\">\n<div class=\"vce-col-content\">\n<div class=\"vce-text-block\">\n<div id=\"el-ab00ca44\" class=\"vce-text-block-wrapper vce\" data-vce-do-apply=\"all el-ab00ca44\">\n<p>\u00daltima actualizaci\u00f3n: Septiembre 2018<\/p>\n<p>De acuerdo con la normativa de protecci\u00f3n de datos de car\u00e1cter personal, y en conformidad con lo previsto en los art\u00edculos 13 y 14 del Reglamento UE 2016\/679, Reglamento General de Protecci\u00f3n de Datos, mediante la presente Pol\u00edtica de Privacidad, el Usuario queda informado de lo siguiente:<\/p>\n<p><strong>Responsable del tratamiento de los datos de car\u00e1cter personal<\/strong><\/p>\n<p>PROYECTO LABOR, S.L. (el Responsable), con domicilio social en AVDA. CRISTOBAL COL\u00d3N, N\u00ba 239-D. POL.IND. EL HENARES \u2013 CP: 19180 \u2013 y CIF n\u00famero B19155563, es responsable del tratamiento de los datos facilitados por los usuarios (\u201cUsuarios\u201d) a trav\u00e9s de la Web.<\/p>\n<p>El usuario puede ponerse en contacto con el Responsable a trav\u00e9s de correo postal en la direcci\u00f3n arriba indicada, por correo electr\u00f3nico a la direcci\u00f3n de email proyectolabor@hotmail.com o por tel\u00e9fono llamando al 949206360.<\/p>\n<p>Nos reservamos el derecho a modificar o adaptar la presente Pol\u00edtica de Privacidad en cualquier momento, por lo que recomendamos revisar la misma. En caso de realizar alg\u00fan cambio sustancial sobre los tratamientos efectuados, o ante la necesidad de recabar consentimiento expreso para el mismo, lo comunicaremos directamente.<\/p>\n<p><strong>Datos objeto del tratamiento<\/strong><strong>&nbsp;<\/strong><\/p>\n<p><u>CONTACTOS DE LA WEB, CORREO ELECTR\u00d3NICO<\/u><\/p>\n<p>El responsable tratar\u00e1 los datos identificativos y de contacto que el usuario proporcione a trav\u00e9s del formulario de contacto, o al ponerse en contacto con el Responsable mediante tel\u00e9fono o correo electr\u00f3nico, as\u00ed como otros datos que el usuario incluya. Adem\u00e1s, el Responsable podr\u00e1 tratar la IP, sistema operativo o navegador que utiliza el usuario, e incluso la duraci\u00f3n de la visita, de forma an\u00f3nima.<\/p>\n<p>As\u00ed, los datos ser\u00e1n tratados con las siguientes finalidades:<\/p>\n<ul>\n<li>Contestar consultas, solicitudes o peticiones.<\/li>\n<li>Gestionar el servicio solicitado.<\/li>\n<li>Informaci\u00f3n por medios electr\u00f3nicos, que versen sobre una solicitud.<\/li>\n<li>Realizar an\u00e1lisis y mejoras en la Web, sobre los productos y servicios de Proyecto Labor.<\/li>\n<li>Mejorar la estrategia comercial.<\/li>\n<\/ul>\n<p>Asimismo, el Responsable tratar\u00e1 los datos recabados a trav\u00e9s del formulario al que redirige el link \u201cSOLICITENOS PRESUPUESTO SIN COMPROMISO\u201d, con la finalidad de dar respuesta a la solicitud del interesado y ofrecer un presupuesto ajustado a sus necesidades.<\/p>\n<p>El tratamiento de datos se basa en la aceptaci\u00f3n y consentimiento expreso del interesado: en aquellos casos donde para realizar una solicitud sea necesario cumplimentar un formulario y hacer un \u201cclick\u201d en el bot\u00f3n de enviar, la realizaci\u00f3n del mismo implicar\u00e1 necesariamente que el usuario ha sido informado y ha otorgado expresamente su consentimiento al tratamiento de sus datos en base a la presente pol\u00edtica de privacidad.<\/p>\n<p>En caso de no facilitar los campos requeridos, o no marcar el checkbox de aceptaci\u00f3n de la pol\u00edtica de privacidad, no se permitir\u00e1 el env\u00edo de la informaci\u00f3n.<\/p>\n<p><u>CONTACTOS REDES SOCIALES<\/u><\/p>\n<p>Los datos personales disponibles en los perfiles de RRSS, as\u00ed como aquellos que el usuario proporcione al Responsable al contactar con el mediante esta v\u00eda, ser\u00e1n tratados con la finalidad de:<\/p>\n<ul>\n<li>Contestar a consultas, solicitudes o peticiones.<\/li>\n<li>Gestionar el servicio solicitado.<\/li>\n<li>Establecer una relaci\u00f3n usuario-responsable, y crear una comunidad de seguidores.<\/li>\n<\/ul>\n<p>En este caso el tratamiento, se basa en la aceptaci\u00f3n de una relaci\u00f3n contractual en el entorno de la red social que corresponda, y conforme a sus pol\u00edticas de Privacidad, por lo que es recomendable que el usuario consulte las mismas.<\/p>\n<p>El Responsable \u00fanicamente podr\u00e1 consultar o dar de baja los datos de forma restringida al tener un perfil espec\u00edfico. Estos ser\u00e1n tratados tanto tiempo como el usuario lo permita mediante las distintas interacciones que cada RRSS permita. Cualquier rectificaci\u00f3n de los datos o restricci\u00f3n de informaci\u00f3n o de publicaciones, el usuario debe realizarla a trav\u00e9s de la configuraci\u00f3n de su perfil en la propia red social.<strong>&nbsp;<\/strong><\/p>\n<p><u>DEMANDANTES DE EMPLEO\/PR\u00c1CTICAS<\/u><\/p>\n<p>El Responsable tratar\u00e1 los datos que reciba a trav\u00e9s candidaturas espont\u00e1neas por correo electr\u00f3nico, tanto datos identificativos y de contacto, como aquellos contenidos en el CV que el candidato adjunte, con las siguientes finalidades:<\/p>\n<ul>\n<li>Organizaci\u00f3n de procesos de selecci\u00f3n para la contrataci\u00f3n de empleados.<\/li>\n<li>Citaci\u00f3n para entrevistas de trabajo y evaluaci\u00f3n de candidaturas.<\/li>\n<\/ul>\n<p>La base legal para el tratamiento descrito es el consentimiento inequ\u00edvoco del candidato, entendido al enviar una candidatura de forma espont\u00e1nea.<\/p>\n<p>De acuerdo con nuestra pol\u00edtica de conservaci\u00f3n, transcurrido un a\u00f1o desde la recepci\u00f3n de un curr\u00edculum vitae, procederemos a su destrucci\u00f3n segura.<\/p>\n<p><u>CLIENTES<\/u><\/p>\n<p>Proyecto Labor tratar\u00e1 los datos personales de sus clientes con las siguientes finalidades:<\/p>\n<ul>\n<li>Datos identificativos y de contacto para prestar el servicio solicitado y gestionar la relaci\u00f3n entidad-cliente.<\/li>\n<li>Datos identificativos y de contacto para ofrecer mejoras sobre los servicios prestados que puedan resultar de su inter\u00e9s.<\/li>\n<li>Datos econ\u00f3micos para facturar el servicio<\/li>\n<\/ul>\n<p>La base legitimadora para los tratamiento descritos es la ejecuci\u00f3n de un acuerdo. No obstante, en determinados casos en los que por la naturaleza del servicio sea necesario tratar datos de salud del interesado, estos ser\u00e1n tratados por el Responsable previo consentimiento expreso del afectado.<\/p>\n<p>Los datos ser\u00e1n conservados durante el tiempo que resulte necesario para mantener la relaci\u00f3n, as\u00ed como durante los plazos legalmente exigidos en cuanto a los datos de facturaci\u00f3n.<\/p>\n<p><strong>Tratamiento de datos de terceras personas<\/strong><\/p>\n<p>Como norma general, el Responsable s\u00f3lo tratar\u00e1 los datos que faciliten sus titulares. En caso de recibir datos de terceros, se deber\u00e1 con car\u00e1cter previo, informar y solicitar su consentimiento a dichas personas, o de lo contrario el Responsable quedar\u00e1 exento de cualquier responsabilidad por el incumplimiento de este requisito.<\/p>\n<p><strong>Datos de menores<\/strong><\/p>\n<p>No se tratar\u00e1n datos de menores de 14 a\u00f1os. Por tanto, el usuario deber\u00e1 abstenerse de facilitarlos si no tiene esa edad o, en su caso, de facilitar datos de terceros que no tengan la citada edad. El Responsable se exime de cualquier responsabilidad por el incumplimiento de esta previsi\u00f3n.<\/p>\n<p><strong>Comunicaciones comerciales por medios electr\u00f3nicos<\/strong><\/p>\n<p>\u00danicamente se enviar\u00e1n comunicaciones comerciales sobre Proyecto Labor y sus servicios a la direcci\u00f3n de correo electr\u00f3nico proporcionada, a usuarios que previamente hayan otorgado su consentimiento expreso para ello. El Responsable almacenar\u00e1 el email en la base de datos, y enviar\u00e1 correos peri\u00f3dicamente, hasta que el usuario solicite la baja, opci\u00f3n que estar\u00e1 disponible en cualquier comunicaci\u00f3n. Las finalidades de este tratamiento concreto consisten en:<\/p>\n<ul>\n<li>Gestionar el servicio solicitado.<\/li>\n<li>Informaci\u00f3n por medios electr\u00f3nicos, que versen sobre la solicitud.<\/li>\n<li>Informaci\u00f3n comercial o de eventos por medios electr\u00f3nicos, siempre que exista autorizaci\u00f3n expresa.<\/li>\n<li>Realizar an\u00e1lisis y mejoras en el env\u00edo de mailing, para mejorar la estrategia comercial.<\/li>\n<\/ul>\n<p><strong>Medidas de seguridad que aplicamos<\/strong><\/p>\n<p>El Responsable ha adoptado un nivel \u00f3ptimo de seguridad de la informaci\u00f3n, poniendo los medios y adoptando las medidas t\u00e9cnicas y organizativas adecuadas seg\u00fan el estado de la tecnolog\u00eda para evitar la p\u00e9rdida, mal uso, alteraci\u00f3n, acceso no autorizado o robo de los Datos Personales.<\/p>\n<p><strong>Comunicaci\u00f3n a terceros<\/strong><\/p>\n<p>Los datos personales de los usuarios podr\u00e1n ser cedidos a:<\/p>\n<ul>\n<li>Agencia Estatal de la Administraci\u00f3n Tributaria y a bancos y entidades financieras para el cobro del servicio prestado o producto adquirido; en virtud de obligaci\u00f3n legal.<\/li>\n<li>Encargados del tratamiento necesarios para la prestaci\u00f3n del servicio, quienes tendr\u00e1n firmado un contrato de prestaci\u00f3n de servicios que les obliga a mantener el mismo nivel de privacidad que el del responsable.<\/li>\n<\/ul>\n<p>En el caso de que alguna de las cesiones implique una transferencia internacional de datos al usar aplicaciones americanas, estar\u00e1 adherida al convenio Privacy Shield, que garantiza que las empresas de software americano cumplen las pol\u00edticas de protecci\u00f3n de datos europeas en materia de privacidad.<\/p>\n<p><strong>Derechos del usuario<\/strong><\/p>\n<p>La normativa en materia de protecci\u00f3n de datos, reconoce al usuario una serie de derechos, los cuales el Responsable, tiene obligaci\u00f3n de satisfacer:<\/p>\n<ul>\n<li>A saber si se est\u00e1n tratando sus datos o no.<\/li>\n<li>A acceder a los datos personales objeto del tratamiento.<\/li>\n<li>A solicitar la rectificaci\u00f3n de los datos si son inexactos.<\/li>\n<li>A solicitar la supresi\u00f3n de los datos si ya no son necesarios para los fines para los que fueron recogidos o si retira el consentimiento otorgado.<\/li>\n<li>A solicitar la limitaci\u00f3n del tratamiento de los datos, en algunos supuestos, en cuyo caso s\u00f3lo se conservar\u00e1n de acuerdo con la normativa vigente.<\/li>\n<li>A la portabilidad de los datos, que ser\u00e1n facilitados en un formato estructurado, de uso com\u00fan o lectura mec\u00e1nica; o podr\u00e1n ser enviados al nuevo responsable designado. S\u00f3lo es v\u00e1lido en determinados supuestos.<\/li>\n<li>A presentar una reclamaci\u00f3n ante la Agencia Espa\u00f1ola de Protecci\u00f3n de Datos o autoridad de control competente.<\/li>\n<li>A revocar el consentimiento para cualquier tratamiento para el que hubiera consentido, en cualquier momento.<\/li>\n<\/ul>\n<p>Para facilitar el proceso, y cumplir con el principio de exactitud de los datos, si se modifica alg\u00fan dato, el Responsable agradece la comunicaci\u00f3n de dicha modificaci\u00f3n.<\/p>\n<p>Para el ejercicio de los mencionados derechos, el usuario puede solicitar al Responsable un formulario, o usar los elaborados por la Agencia Espa\u00f1ola de Protecci\u00f3n de Datos o terceros. Estos formularios deben ir firmados electr\u00f3nicamente o ser acompa\u00f1ados de fotocopia del DNI; en caso de haber representaci\u00f3n se debe adjuntar copia de DNI del usuario, o que lo firme con su firma electr\u00f3nica. Los formularios pueden ser presentados presencialmente, enviados por carta o por mail en la direcci\u00f3n del Responsable al inicio de este texto.<\/p>\n<p>Dependiendo del derecho ejercitado, el Responsable tardar\u00e1 como m\u00e1ximo un mes en dar respuesta desde la recepci\u00f3n de la solicitud, y dos meses si el tema es muy complejo, caso en el cual el usuario ser\u00e1 notificado.<\/p>\n<p><strong>Cookies<\/strong><\/p>\n<p>La Web utiliza Cookies, si deseas ampliar tu informaci\u00f3n, puedes hacerlo accediendo a nuestra Pol\u00edtica de Cookies.<strong>&nbsp;<\/strong><\/p>\n<p><strong>Conservaci\u00f3n de los datos de car\u00e1cter personal<\/strong><\/p>\n<ul>\n<li>Los datos personales ser\u00e1n mantenidos mientras el usuario siga vinculado al responsable<\/li>\n<li>Una vez se desvincule, los datos tratados para cada finalidad se mantendr\u00e1n durante los plazos legalmente previstos, incluido el plazo en el que un juez o tribunal los pueda requerir atendiendo al plazo de prescripci\u00f3n de acciones judiciales.<\/li>\n<li>Los datos tratados se mantendr\u00e1n en tanto no expiren los plazos legales aludidos anteriormente, si hubiera obligaci\u00f3n legal de mantenimiento, o de no existir ese plazo legal, hasta que el interesado solicite su supresi\u00f3n o revoque el consentimiento otorgado.<\/li>\n<li>El Responsable mantendr\u00e1 toda la informaci\u00f3n y comunicaciones relativas a la prestaci\u00f3n del servicio, mientras duren las garant\u00edas de los productos o servicios, para atender posibles reclamaciones.<\/li>\n<\/ul>\n<\/div>\n<\/div>\n<\/div>\n<\/div>\n<\/div>\n<\/div>\n<\/div>\n<\/div>\n<\/div>\n","protected":false},"excerpt":{"rendered":"<p>Pol\u00edtica de privacidad de Proyecto Labor La presente Pol\u00edtica de Privacidad forma parte de las Condiciones Generales que rigen la web&nbsp;http:\/\/www.proyectolabor.es&nbsp;(en adelante, la Web). \u00daltima actualizaci\u00f3n: Septiembre 2018 De acuerdo con la normativa de protecci\u00f3n de datos de car\u00e1cter personal, y en conformidad con lo previsto en los art\u00edculos 13 y 14 del Reglamento UE&hellip;<\/p>\n","protected":false},"author":1,"featured_media":0,"parent":0,"menu_order":0,"comment_status":"closed","ping_status":"closed","template":"","meta":{"footnotes":""},"class_list":["post-256","page","type-page","status-publish","hentry","entry","no-media"],"yoast_head":"<!-- This site is optimized with the Yoast SEO plugin v27.5 - https:\/\/yoast.com\/product\/yoast-seo-wordpress\/ -->\n<title>Pol\u00edtica de privacidad de Proyecto Labor - Proyecto Labor, informaci\u00f3n para las familias<\/title>\n<meta name=\"robots\" content=\"index, follow, max-snippet:-1, max-image-preview:large, max-video-preview:-1\" \/>\n<link rel=\"canonical\" href=\"https:\/\/proyectolabor.es\/familias\/politica-de-privacidad-de-proyecto-labor\/\" \/>\n<meta property=\"og:locale\" content=\"es_ES\" \/>\n<meta property=\"og:type\" content=\"article\" \/>\n<meta property=\"og:title\" content=\"Pol\u00edtica de privacidad de Proyecto Labor - Proyecto Labor, informaci\u00f3n para las familias\" \/>\n<meta property=\"og:description\" content=\"Pol\u00edtica de privacidad de Proyecto Labor La presente Pol\u00edtica de Privacidad forma parte de las Condiciones Generales que rigen la web&nbsp;http:\/\/www.proyectolabor.es&nbsp;(en adelante, la Web). \u00daltima actualizaci\u00f3n: Septiembre 2018 De acuerdo con la normativa de protecci\u00f3n de datos de car\u00e1cter personal, y en conformidad con lo previsto en los art\u00edculos 13 y 14 del Reglamento UE&hellip;\" \/>\n<meta property=\"og:url\" content=\"https:\/\/proyectolabor.es\/familias\/politica-de-privacidad-de-proyecto-labor\/\" \/>\n<meta property=\"og:site_name\" content=\"Proyecto Labor, informaci\u00f3n para las familias\" \/>\n<meta property=\"article:publisher\" content=\"https:\/\/www.facebook.com\/ProyectoLabor\/\" \/>\n<meta property=\"article:modified_time\" content=\"2019-03-05T12:57:54+00:00\" \/>\n<meta name=\"twitter:card\" content=\"summary_large_image\" \/>\n<meta name=\"twitter:site\" content=\"@ProyectoLabor\" \/>\n<meta name=\"twitter:label1\" content=\"Tiempo de lectura\" \/>\n\t<meta name=\"twitter:data1\" content=\"9 minutos\" \/>\n<script type=\"application\/ld+json\" class=\"yoast-schema-graph\">{\"@context\":\"https:\\\/\\\/schema.org\",\"@graph\":[{\"@type\":\"WebPage\",\"@id\":\"https:\\\/\\\/proyectolabor.es\\\/familias\\\/politica-de-privacidad-de-proyecto-labor\\\/\",\"url\":\"https:\\\/\\\/proyectolabor.es\\\/familias\\\/politica-de-privacidad-de-proyecto-labor\\\/\",\"name\":\"Pol\u00edtica de privacidad de Proyecto Labor - Proyecto Labor, informaci\u00f3n para las familias\",\"isPartOf\":{\"@id\":\"https:\\\/\\\/proyectolabor.es\\\/familias\\\/#website\"},\"datePublished\":\"2019-03-05T12:56:56+00:00\",\"dateModified\":\"2019-03-05T12:57:54+00:00\",\"breadcrumb\":{\"@id\":\"https:\\\/\\\/proyectolabor.es\\\/familias\\\/politica-de-privacidad-de-proyecto-labor\\\/#breadcrumb\"},\"inLanguage\":\"es\",\"potentialAction\":[{\"@type\":\"ReadAction\",\"target\":[\"https:\\\/\\\/proyectolabor.es\\\/familias\\\/politica-de-privacidad-de-proyecto-labor\\\/\"]}]},{\"@type\":\"BreadcrumbList\",\"@id\":\"https:\\\/\\\/proyectolabor.es\\\/familias\\\/politica-de-privacidad-de-proyecto-labor\\\/#breadcrumb\",\"itemListElement\":[{\"@type\":\"ListItem\",\"position\":1,\"name\":\"Portada\",\"item\":\"https:\\\/\\\/proyectolabor.es\\\/familias\\\/\"},{\"@type\":\"ListItem\",\"position\":2,\"name\":\"Pol\u00edtica de privacidad de Proyecto Labor\"}]},{\"@type\":\"WebSite\",\"@id\":\"https:\\\/\\\/proyectolabor.es\\\/familias\\\/#website\",\"url\":\"https:\\\/\\\/proyectolabor.es\\\/familias\\\/\",\"name\":\"Proyecto Labor, informaci\u00f3n para las familias\",\"description\":\"Gesti\u00f3n de Comedores Escolares\",\"publisher\":{\"@id\":\"https:\\\/\\\/proyectolabor.es\\\/familias\\\/#organization\"},\"potentialAction\":[{\"@type\":\"SearchAction\",\"target\":{\"@type\":\"EntryPoint\",\"urlTemplate\":\"https:\\\/\\\/proyectolabor.es\\\/familias\\\/?s={search_term_string}\"},\"query-input\":{\"@type\":\"PropertyValueSpecification\",\"valueRequired\":true,\"valueName\":\"search_term_string\"}}],\"inLanguage\":\"es\"},{\"@type\":\"Organization\",\"@id\":\"https:\\\/\\\/proyectolabor.es\\\/familias\\\/#organization\",\"name\":\"Proyecto Labor S.L.\",\"url\":\"https:\\\/\\\/proyectolabor.es\\\/familias\\\/\",\"logo\":{\"@type\":\"ImageObject\",\"inLanguage\":\"es\",\"@id\":\"https:\\\/\\\/proyectolabor.es\\\/familias\\\/#\\\/schema\\\/logo\\\/image\\\/\",\"url\":\"https:\\\/\\\/proyectolabor.es\\\/familias\\\/wp-content\\\/uploads\\\/2019\\\/03\\\/logo-emai.png\",\"contentUrl\":\"https:\\\/\\\/proyectolabor.es\\\/familias\\\/wp-content\\\/uploads\\\/2019\\\/03\\\/logo-emai.png\",\"width\":100,\"height\":106,\"caption\":\"Proyecto Labor S.L.\"},\"image\":{\"@id\":\"https:\\\/\\\/proyectolabor.es\\\/familias\\\/#\\\/schema\\\/logo\\\/image\\\/\"},\"sameAs\":[\"https:\\\/\\\/www.facebook.com\\\/ProyectoLabor\\\/\",\"https:\\\/\\\/x.com\\\/ProyectoLabor\",\"https:\\\/\\\/www.linkedin.com\\\/company\\\/proyecto-labor\\\/\"]}]}<\/script>\n<!-- \/ Yoast SEO plugin. -->","yoast_head_json":{"title":"Pol\u00edtica de privacidad de Proyecto Labor - Proyecto Labor, informaci\u00f3n para las familias","robots":{"index":"index","follow":"follow","max-snippet":"max-snippet:-1","max-image-preview":"max-image-preview:large","max-video-preview":"max-video-preview:-1"},"canonical":"https:\/\/proyectolabor.es\/familias\/politica-de-privacidad-de-proyecto-labor\/","og_locale":"es_ES","og_type":"article","og_title":"Pol\u00edtica de privacidad de Proyecto Labor - Proyecto Labor, informaci\u00f3n para las familias","og_description":"Pol\u00edtica de privacidad de Proyecto Labor La presente Pol\u00edtica de Privacidad forma parte de las Condiciones Generales que rigen la web&nbsp;http:\/\/www.proyectolabor.es&nbsp;(en adelante, la Web). \u00daltima actualizaci\u00f3n: Septiembre 2018 De acuerdo con la normativa de protecci\u00f3n de datos de car\u00e1cter personal, y en conformidad con lo previsto en los art\u00edculos 13 y 14 del Reglamento UE&hellip;","og_url":"https:\/\/proyectolabor.es\/familias\/politica-de-privacidad-de-proyecto-labor\/","og_site_name":"Proyecto Labor, informaci\u00f3n para las familias","article_publisher":"https:\/\/www.facebook.com\/ProyectoLabor\/","article_modified_time":"2019-03-05T12:57:54+00:00","twitter_card":"summary_large_image","twitter_site":"@ProyectoLabor","twitter_misc":{"Tiempo de lectura":"9 minutos"},"schema":{"@context":"https:\/\/schema.org","@graph":[{"@type":"WebPage","@id":"https:\/\/proyectolabor.es\/familias\/politica-de-privacidad-de-proyecto-labor\/","url":"https:\/\/proyectolabor.es\/familias\/politica-de-privacidad-de-proyecto-labor\/","name":"Pol\u00edtica de privacidad de Proyecto Labor - Proyecto Labor, informaci\u00f3n para las familias","isPartOf":{"@id":"https:\/\/proyectolabor.es\/familias\/#website"},"datePublished":"2019-03-05T12:56:56+00:00","dateModified":"2019-03-05T12:57:54+00:00","breadcrumb":{"@id":"https:\/\/proyectolabor.es\/familias\/politica-de-privacidad-de-proyecto-labor\/#breadcrumb"},"inLanguage":"es","potentialAction":[{"@type":"ReadAction","target":["https:\/\/proyectolabor.es\/familias\/politica-de-privacidad-de-proyecto-labor\/"]}]},{"@type":"BreadcrumbList","@id":"https:\/\/proyectolabor.es\/familias\/politica-de-privacidad-de-proyecto-labor\/#breadcrumb","itemListElement":[{"@type":"ListItem","position":1,"name":"Portada","item":"https:\/\/proyectolabor.es\/familias\/"},{"@type":"ListItem","position":2,"name":"Pol\u00edtica de privacidad de Proyecto Labor"}]},{"@type":"WebSite","@id":"https:\/\/proyectolabor.es\/familias\/#website","url":"https:\/\/proyectolabor.es\/familias\/","name":"Proyecto Labor, informaci\u00f3n para las familias","description":"Gesti\u00f3n de Comedores Escolares","publisher":{"@id":"https:\/\/proyectolabor.es\/familias\/#organization"},"potentialAction":[{"@type":"SearchAction","target":{"@type":"EntryPoint","urlTemplate":"https:\/\/proyectolabor.es\/familias\/?s={search_term_string}"},"query-input":{"@type":"PropertyValueSpecification","valueRequired":true,"valueName":"search_term_string"}}],"inLanguage":"es"},{"@type":"Organization","@id":"https:\/\/proyectolabor.es\/familias\/#organization","name":"Proyecto Labor S.L.","url":"https:\/\/proyectolabor.es\/familias\/","logo":{"@type":"ImageObject","inLanguage":"es","@id":"https:\/\/proyectolabor.es\/familias\/#\/schema\/logo\/image\/","url":"https:\/\/proyectolabor.es\/familias\/wp-content\/uploads\/2019\/03\/logo-emai.png","contentUrl":"https:\/\/proyectolabor.es\/familias\/wp-content\/uploads\/2019\/03\/logo-emai.png","width":100,"height":106,"caption":"Proyecto Labor S.L."},"image":{"@id":"https:\/\/proyectolabor.es\/familias\/#\/schema\/logo\/image\/"},"sameAs":["https:\/\/www.facebook.com\/ProyectoLabor\/","https:\/\/x.com\/ProyectoLabor","https:\/\/www.linkedin.com\/company\/proyecto-labor\/"]}]}},"_links":{"self":[{"href":"https:\/\/proyectolabor.es\/familias\/wp-json\/wp\/v2\/pages\/256","targetHints":{"allow":["GET"]}}],"collection":[{"href":"https:\/\/proyectolabor.es\/familias\/wp-json\/wp\/v2\/pages"}],"about":[{"href":"https:\/\/proyectolabor.es\/familias\/wp-json\/wp\/v2\/types\/page"}],"author":[{"embeddable":true,"href":"https:\/\/proyectolabor.es\/familias\/wp-json\/wp\/v2\/users\/1"}],"replies":[{"embeddable":true,"href":"https:\/\/proyectolabor.es\/familias\/wp-json\/wp\/v2\/comments?post=256"}],"version-history":[{"count":2,"href":"https:\/\/proyectolabor.es\/familias\/wp-json\/wp\/v2\/pages\/256\/revisions"}],"predecessor-version":[{"id":258,"href":"https:\/\/proyectolabor.es\/familias\/wp-json\/wp\/v2\/pages\/256\/revisions\/258"}],"wp:attachment":[{"href":"https:\/\/proyectolabor.es\/familias\/wp-json\/wp\/v2\/media?parent=256"}],"curies":[{"name":"wp","href":"https:\/\/api.w.org\/{rel}","templated":true}]}}